{"id":6,"date":"2019-09-23T17:56:09","date_gmt":"2019-09-23T17:56:09","guid":{"rendered":"https:\/\/feldenkrais-hafemeister.de\/?page_id=6"},"modified":"2019-09-23T17:56:09","modified_gmt":"2019-09-23T17:56:09","slug":"impressum","status":"publish","type":"page","link":"https:\/\/feldenkrais-hafemeister.de\/?page_id=6","title":{"rendered":"Impressum"},"content":{"rendered":"\n<p>Silvia Hafemeister<br> Kantatenweg 16<br> 04229 Leipzig<\/p>\n\n\n\n<p>Steuernummer: 232\/227\/04812<\/p>\n\n\n\n<h4 class=\"wp-block-heading\">Inhaber Gew\u00e4hr<\/h4>\n\n\n\n<p>Silvia Hafemeister \u00fcbernimmt keine Gew\u00e4hr f\u00fcr Aktualit\u00e4t und Vollst\u00e4ndigkeit von Informationen und Inhalten dieser Website.<\/p>\n\n\n\n<h4 class=\"wp-block-heading\">Haftungsausschluss<\/h4>\n\n\n\n<p>Silvia Hafemeister hat keinen Einfluss auf externe Websites, die \u00fcber Links zu erreichen sind und haftet deshalb nicht f\u00fcr deren Inhalte, Richtigkeit und Vollst\u00e4ndigkeit.<\/p>\n\n\n\n<p>Inhalt: Silvia Hafemeister<\/p>\n\n\n\n<h4 class=\"wp-block-heading\">Widerspruch Werbe-Mails<\/h4>\n\n\n\n<p> Der Nutzung von im Rahmen der Impressungspflicht ver\u00f6ffentlichten Kontaktdaten zur \u00dcbersendung von nicht ausdr\u00fccklich angeforderter Werbung und Informationsmaterialien wird hiermit widersprochen.<br> Der Betreiber der Seiten beh\u00e4lt sich ausdr\u00fccklich rechtliche Schritte im Falle der unverlangten Zusendung von Werbematerialien, etwa durch Spam E-Mails, vor.<\/p>\n","protected":false},"excerpt":{"rendered":"<p>Silvia Hafemeister Kantatenweg 16 04229 Leipzig Steuernummer: 232\/227\/04812 Inhaber Gew\u00e4hr Silvia Hafemeister \u00fcbernimmt keine Gew\u00e4hr f\u00fcr Aktualit\u00e4t und Vollst\u00e4ndigkeit von Informationen und Inhalten dieser Website. Haftungsausschluss Silvia Hafemeister hat keinen Einfluss auf externe Websites, die \u00fcber Links zu erreichen sind und haftet deshalb nicht f\u00fcr deren Inhalte, Richtigkeit und Vollst\u00e4ndigkeit. Inhalt: Silvia Hafemeister Widerspruch Werbe-Mails &hellip; <\/p>\n<p class=\"link-more\"><a href=\"https:\/\/feldenkrais-hafemeister.de\/?page_id=6\" class=\"more-link\"><span class=\"screen-reader-text\">\u201eImpressum\u201c<\/span> weiterlesen<\/a><\/p>\n","protected":false},"author":1,"featured_media":0,"parent":0,"menu_order":0,"comment_status":"closed","ping_status":"closed","template":"","meta":{"footnotes":""},"_links":{"self":[{"href":"https:\/\/feldenkrais-hafemeister.de\/index.php?rest_route=\/wp\/v2\/pages\/6"}],"collection":[{"href":"https:\/\/feldenkrais-hafemeister.de\/index.php?rest_route=\/wp\/v2\/pages"}],"about":[{"href":"https:\/\/feldenkrais-hafemeister.de\/index.php?rest_route=\/wp\/v2\/types\/page"}],"author":[{"embeddable":true,"href":"https:\/\/feldenkrais-hafemeister.de\/index.php?rest_route=\/wp\/v2\/users\/1"}],"replies":[{"embeddable":true,"href":"https:\/\/feldenkrais-hafemeister.de\/index.php?rest_route=%2Fwp%2Fv2%2Fcomments&post=6"}],"version-history":[{"count":1,"href":"https:\/\/feldenkrais-hafemeister.de\/index.php?rest_route=\/wp\/v2\/pages\/6\/revisions"}],"predecessor-version":[{"id":7,"href":"https:\/\/feldenkrais-hafemeister.de\/index.php?rest_route=\/wp\/v2\/pages\/6\/revisions\/7"}],"wp:attachment":[{"href":"https:\/\/feldenkrais-hafemeister.de\/index.php?rest_route=%2Fwp%2Fv2%2Fmedia&parent=6"}],"curies":[{"name":"wp","href":"https:\/\/api.w.org\/{rel}","templated":true}]}}