{"id":54,"date":"2019-09-27T11:02:54","date_gmt":"2019-09-27T11:02:54","guid":{"rendered":"https:\/\/feldenkrais-hafemeister.de\/?page_id=54"},"modified":"2019-09-27T11:11:22","modified_gmt":"2019-09-27T11:11:22","slug":"entspannter-kiefer-nur-kosmetik-fuers-gesicht","status":"publish","type":"page","link":"https:\/\/feldenkrais-hafemeister.de\/?page_id=54","title":{"rendered":"Entspannter Kiefer \u2013 nur Kosmetik f\u00fcrs Gesicht\u2026?"},"content":{"rendered":"\n<p>Ein Feldenkrais \u2013Tag rund ums Kieferngelenk<\/p>\n\n\n\n<p>Wissenswertes, praktische Experimente, \u00dcbungen f\u00fcr den Alltag zur Entspannung der Kieferngelenke und deren Zusammenh\u00e4nge zum gesamten K\u00f6rper.<\/p>\n\n\n\n<p style=\"text-align:right\"><a href=\"https:\/\/feldenkrais-hafemeister.de\/?page_id=21\">zur\u00fcck zu den Angeboten<\/a><\/p>\n","protected":false},"excerpt":{"rendered":"<p>Ein Feldenkrais \u2013Tag rund ums Kieferngelenk Wissenswertes, praktische Experimente, \u00dcbungen f\u00fcr den Alltag zur Entspannung der Kieferngelenke und deren Zusammenh\u00e4nge zum gesamten K\u00f6rper. zur\u00fcck zu den Angeboten<\/p>\n","protected":false},"author":1,"featured_media":0,"parent":21,"menu_order":0,"comment_status":"closed","ping_status":"closed","template":"","meta":{"footnotes":""},"_links":{"self":[{"href":"https:\/\/feldenkrais-hafemeister.de\/index.php?rest_route=\/wp\/v2\/pages\/54"}],"collection":[{"href":"https:\/\/feldenkrais-hafemeister.de\/index.php?rest_route=\/wp\/v2\/pages"}],"about":[{"href":"https:\/\/feldenkrais-hafemeister.de\/index.php?rest_route=\/wp\/v2\/types\/page"}],"author":[{"embeddable":true,"href":"https:\/\/feldenkrais-hafemeister.de\/index.php?rest_route=\/wp\/v2\/users\/1"}],"replies":[{"embeddable":true,"href":"https:\/\/feldenkrais-hafemeister.de\/index.php?rest_route=%2Fwp%2Fv2%2Fcomments&post=54"}],"version-history":[{"count":2,"href":"https:\/\/feldenkrais-hafemeister.de\/index.php?rest_route=\/wp\/v2\/pages\/54\/revisions"}],"predecessor-version":[{"id":63,"href":"https:\/\/feldenkrais-hafemeister.de\/index.php?rest_route=\/wp\/v2\/pages\/54\/revisions\/63"}],"up":[{"embeddable":true,"href":"https:\/\/feldenkrais-hafemeister.de\/index.php?rest_route=\/wp\/v2\/pages\/21"}],"wp:attachment":[{"href":"https:\/\/feldenkrais-hafemeister.de\/index.php?rest_route=%2Fwp%2Fv2%2Fmedia&parent=54"}],"curies":[{"name":"wp","href":"https:\/\/api.w.org\/{rel}","templated":true}]}}