{"id":46,"date":"2019-09-27T11:00:22","date_gmt":"2019-09-27T11:00:22","guid":{"rendered":"https:\/\/feldenkrais-hafemeister.de\/?page_id=46"},"modified":"2019-10-21T05:24:56","modified_gmt":"2019-10-21T05:24:56","slug":"gesunder-ruecken-durch-feldenkraisuebungen","status":"publish","type":"page","link":"https:\/\/feldenkrais-hafemeister.de\/?page_id=46","title":{"rendered":"Gesunder R\u00fccken durch Feldenkrais\u00fcbungen"},"content":{"rendered":"\n<p>Fast jeder Mensch kennt das Gef\u00fchl,<br>\nwenn es im R\u00fccken klemmt oder schmerzt\u2026<\/p>\n\n\n\n<p>Als Ursachen sind meist Gewohnheiten verantwortlich, die sich im Laufe des Lebens herausbilden und unser Knochen- und Muskelsystem ung\u00fcnstig belasten.<br>Mit Hilfe von sanften kleinen Bewegungen erforschen Sie das Bewegungspotential ihrer Muskeln und deren Zusammenspiel.<br> Dabei entwickeln Sie ein Gef\u00fchl f\u00fcr ihre individuelle aufrechte Haltung und lernen, wie Sie im Alltag durch Bewusstheit mehr Wohlbefinden erreichen k\u00f6nnen.<\/p>\n\n\n\n<p style=\"text-align:right\"><a href=\"https:\/\/feldenkrais-hafemeister.de\/?page_id=21\">zur\u00fcck zu den Angeboten<\/a><\/p>\n","protected":false},"excerpt":{"rendered":"<p>Fast jeder Mensch kennt das Gef\u00fchl, wenn es im R\u00fccken klemmt oder schmerzt\u2026 Als Ursachen sind meist Gewohnheiten verantwortlich, die sich im Laufe des Lebens herausbilden und unser Knochen- und Muskelsystem ung\u00fcnstig belasten.Mit Hilfe von sanften kleinen Bewegungen erforschen Sie das Bewegungspotential ihrer Muskeln und deren Zusammenspiel. Dabei entwickeln Sie ein Gef\u00fchl f\u00fcr ihre individuelle &hellip; <\/p>\n<p class=\"link-more\"><a href=\"https:\/\/feldenkrais-hafemeister.de\/?page_id=46\" class=\"more-link\"><span class=\"screen-reader-text\">\u201eGesunder R\u00fccken durch Feldenkrais\u00fcbungen\u201c<\/span> weiterlesen<\/a><\/p>\n","protected":false},"author":1,"featured_media":0,"parent":21,"menu_order":0,"comment_status":"closed","ping_status":"closed","template":"","meta":{"footnotes":""},"_links":{"self":[{"href":"https:\/\/feldenkrais-hafemeister.de\/index.php?rest_route=\/wp\/v2\/pages\/46"}],"collection":[{"href":"https:\/\/feldenkrais-hafemeister.de\/index.php?rest_route=\/wp\/v2\/pages"}],"about":[{"href":"https:\/\/feldenkrais-hafemeister.de\/index.php?rest_route=\/wp\/v2\/types\/page"}],"author":[{"embeddable":true,"href":"https:\/\/feldenkrais-hafemeister.de\/index.php?rest_route=\/wp\/v2\/users\/1"}],"replies":[{"embeddable":true,"href":"https:\/\/feldenkrais-hafemeister.de\/index.php?rest_route=%2Fwp%2Fv2%2Fcomments&post=46"}],"version-history":[{"count":3,"href":"https:\/\/feldenkrais-hafemeister.de\/index.php?rest_route=\/wp\/v2\/pages\/46\/revisions"}],"predecessor-version":[{"id":91,"href":"https:\/\/feldenkrais-hafemeister.de\/index.php?rest_route=\/wp\/v2\/pages\/46\/revisions\/91"}],"up":[{"embeddable":true,"href":"https:\/\/feldenkrais-hafemeister.de\/index.php?rest_route=\/wp\/v2\/pages\/21"}],"wp:attachment":[{"href":"https:\/\/feldenkrais-hafemeister.de\/index.php?rest_route=%2Fwp%2Fv2%2Fmedia&parent=46"}],"curies":[{"name":"wp","href":"https:\/\/api.w.org\/{rel}","templated":true}]}}