{"id":21,"date":"2019-09-23T18:16:26","date_gmt":"2019-09-23T18:16:26","guid":{"rendered":"https:\/\/feldenkrais-hafemeister.de\/?page_id=21"},"modified":"2023-09-08T18:18:54","modified_gmt":"2023-09-08T18:18:54","slug":"angebote","status":"publish","type":"page","link":"https:\/\/feldenkrais-hafemeister.de\/?page_id=21","title":{"rendered":"Angebote"},"content":{"rendered":"\n<h4 class=\"wp-block-heading\">Fortlaufende Kurse<\/h4>\n\n\n\n<p>Fit und beweglich im Alltag durch kluge, bewusste Bewegungen<\/p>\n\n\n\n<figure class=\"wp-block-table\"><table><tbody><tr><td>mittwochs<\/td><td>09:00 &#8211; 10:15 Uhr<\/td><\/tr><tr><td>sowie<\/td><td>19:00 &#8211; 20:15 Uhr<\/td><\/tr><\/tbody><\/table><\/figure>\n\n\n\n<p><a href=\"https:\/\/feldenkrais-hafemeister.de\/?page_id=42\">n\u00e4here Infos<\/a><br><br><br><\/p>\n\n\n\n<h4 class=\"wp-block-heading\">Einzelstunden<\/h4>\n\n\n\n<p>Funktionale Integration (Dauer: 60-70 Minuten)<\/p>\n\n\n\n<figure class=\"wp-block-table is-style-regular\"><table><tbody><tr><td>Ort<\/td><td>Praxis f\u00fcr Bewegungstherapie und Gesundheitsf\u00fcrsorge<br>Am kleinen Feld 7<br>04205 Leipzig<\/td><\/tr><tr><td>oder<\/td><td>Praxisraum Silvia Hafemeister<br>Kantatenweg 16<br>04229 Leipzig<\/td><\/tr><tr><td>Preis<\/td><td>70-80 Euro<\/td><\/tr><\/tbody><\/table><\/figure>\n\n\n\n<div class=\"wp-block-columns has-2-columns is-layout-flex wp-container-3 wp-block-columns-is-layout-flex\">\n<div class=\"wp-block-column is-layout-flow wp-block-column-is-layout-flow\"><\/div>\n\n\n\n<div class=\"wp-block-column is-layout-flow wp-block-column-is-layout-flow\"><\/div>\n<\/div>\n\n\n\n<ul>\n<li>individuelle Terminabsprache<\/li>\n\n\n\n<li>auch in Kombination mit anderen Therapiearten m\u00f6glich<br><br><br><\/li>\n<\/ul>\n\n\n\n<h4 class=\"wp-block-heading\">Weitere Angebote<\/h4>\n\n\n\n<ul>\n<li>Bewegungstherapie auf neurophysiologischer Grundlage<\/li>\n\n\n\n<li>Fu\u00dfreflexzonentherapie n. Hanne Marquardt<\/li>\n\n\n\n<li>Bobath-Therapie<\/li>\n\n\n\n<li>Akutbehandlungen<\/li>\n<\/ul>\n\n\n\n<p>Bei Interesse k\u00f6nnen Sie mich gern kontaktieren.<\/p>\n","protected":false},"excerpt":{"rendered":"<p>Fortlaufende Kurse Fit und beweglich im Alltag durch kluge, bewusste Bewegungen mittwochs 09:00 &#8211; 10:15 Uhr sowie 19:00 &#8211; 20:15 Uhr n\u00e4here Infos Einzelstunden Funktionale Integration (Dauer: 60-70 Minuten) Ort Praxis f\u00fcr Bewegungstherapie und Gesundheitsf\u00fcrsorgeAm kleinen Feld 704205 Leipzig oder Praxisraum Silvia HafemeisterKantatenweg 1604229 Leipzig Preis 70-80 Euro Weitere Angebote Bei Interesse k\u00f6nnen Sie mich &hellip; <\/p>\n<p class=\"link-more\"><a href=\"https:\/\/feldenkrais-hafemeister.de\/?page_id=21\" class=\"more-link\"><span class=\"screen-reader-text\">\u201eAngebote\u201c<\/span> weiterlesen<\/a><\/p>\n","protected":false},"author":1,"featured_media":0,"parent":0,"menu_order":0,"comment_status":"closed","ping_status":"closed","template":"","meta":{"footnotes":""},"_links":{"self":[{"href":"https:\/\/feldenkrais-hafemeister.de\/index.php?rest_route=\/wp\/v2\/pages\/21"}],"collection":[{"href":"https:\/\/feldenkrais-hafemeister.de\/index.php?rest_route=\/wp\/v2\/pages"}],"about":[{"href":"https:\/\/feldenkrais-hafemeister.de\/index.php?rest_route=\/wp\/v2\/types\/page"}],"author":[{"embeddable":true,"href":"https:\/\/feldenkrais-hafemeister.de\/index.php?rest_route=\/wp\/v2\/users\/1"}],"replies":[{"embeddable":true,"href":"https:\/\/feldenkrais-hafemeister.de\/index.php?rest_route=%2Fwp%2Fv2%2Fcomments&post=21"}],"version-history":[{"count":20,"href":"https:\/\/feldenkrais-hafemeister.de\/index.php?rest_route=\/wp\/v2\/pages\/21\/revisions"}],"predecessor-version":[{"id":126,"href":"https:\/\/feldenkrais-hafemeister.de\/index.php?rest_route=\/wp\/v2\/pages\/21\/revisions\/126"}],"wp:attachment":[{"href":"https:\/\/feldenkrais-hafemeister.de\/index.php?rest_route=%2Fwp%2Fv2%2Fmedia&parent=21"}],"curies":[{"name":"wp","href":"https:\/\/api.w.org\/{rel}","templated":true}]}}