{"id":16,"date":"2019-09-23T18:15:31","date_gmt":"2019-09-23T18:15:31","guid":{"rendered":"https:\/\/feldenkrais-hafemeister.de\/?page_id=16"},"modified":"2021-07-16T08:24:58","modified_gmt":"2021-07-16T08:24:58","slug":"persoenliches","status":"publish","type":"page","link":"https:\/\/feldenkrais-hafemeister.de\/?page_id=16","title":{"rendered":"Pers\u00f6nliches"},"content":{"rendered":"\n<figure class=\"wp-block-image is-resized\"><img decoding=\"async\" loading=\"lazy\" src=\"https:\/\/feldenkrais-hafemeister.de\/wp-content\/uploads\/2019\/09\/Silvia_kleiner-796x1024.jpg\" alt=\"\" class=\"wp-image-37\" width=\"199\" height=\"256\" srcset=\"https:\/\/feldenkrais-hafemeister.de\/wp-content\/uploads\/2019\/09\/Silvia_kleiner-796x1024.jpg 796w, https:\/\/feldenkrais-hafemeister.de\/wp-content\/uploads\/2019\/09\/Silvia_kleiner-233x300.jpg 233w, https:\/\/feldenkrais-hafemeister.de\/wp-content\/uploads\/2019\/09\/Silvia_kleiner-768x987.jpg 768w, https:\/\/feldenkrais-hafemeister.de\/wp-content\/uploads\/2019\/09\/Silvia_kleiner.jpg 812w\" sizes=\"(max-width: 199px) 100vw, 199px\" \/><figcaption>Silvia Hafemeister<\/figcaption><\/figure>\n\n\n\n<p>Kreative \u00e4sthetische Bewegungen pr\u00e4gten mein bisheriges Leben sowohl als Turnerin in meiner Jugend, sp\u00e4ter als Dipl.-Sportlehrerin und heute als physiotherapeutische Heilpraktikerin (Manuelle Therapie, Bewegungstherapie auf neurophysiologischer Grundlage, Fu\u00dfreflexzonentherapie, Bobath-Therapie).<\/p>\n\n\n\n<p>1998 lernte ich die Feldenkraismethode kennen. Begeistert und neugierig geworden, absolvierte ich 2003-2006 die Ausbildung zur Feldenkrais-Lehrerin bei Elisabet Bloom (Sch\u00fclerin von Yochanan Rywerant).Dabei begab ich mich in einen Prozess tief greifender Entwicklung, und lernte sehr viel \u00fcber meinen K\u00f6rper und mein Selbst kennen und wahrzunehmen.<\/p>\n\n\n\n<p>Seitdem arbeite ich als selbst\u00e4ndige Feldenkrais-Lehrerin in Einzel- und Gruppenarbeit und als physiotherapeutische Heilpraktikerin.<br> Gern m\u00f6chte ich Ihnen meine Begeisterung, meine Kenntnisse und Erfahrungen mit dieser Methode vermitteln.<\/p>\n","protected":false},"excerpt":{"rendered":"<p>Kreative \u00e4sthetische Bewegungen pr\u00e4gten mein bisheriges Leben sowohl als Turnerin in meiner Jugend, sp\u00e4ter als Dipl.-Sportlehrerin und heute als physiotherapeutische Heilpraktikerin (Manuelle Therapie, Bewegungstherapie auf neurophysiologischer Grundlage, Fu\u00dfreflexzonentherapie, Bobath-Therapie). 1998 lernte ich die Feldenkraismethode kennen. Begeistert und neugierig geworden, absolvierte ich 2003-2006 die Ausbildung zur Feldenkrais-Lehrerin bei Elisabet Bloom (Sch\u00fclerin von Yochanan Rywerant).Dabei begab ich &hellip; <\/p>\n<p class=\"link-more\"><a href=\"https:\/\/feldenkrais-hafemeister.de\/?page_id=16\" class=\"more-link\"><span class=\"screen-reader-text\">\u201ePers\u00f6nliches\u201c<\/span> weiterlesen<\/a><\/p>\n","protected":false},"author":1,"featured_media":0,"parent":0,"menu_order":0,"comment_status":"closed","ping_status":"closed","template":"","meta":{"footnotes":""},"_links":{"self":[{"href":"https:\/\/feldenkrais-hafemeister.de\/index.php?rest_route=\/wp\/v2\/pages\/16"}],"collection":[{"href":"https:\/\/feldenkrais-hafemeister.de\/index.php?rest_route=\/wp\/v2\/pages"}],"about":[{"href":"https:\/\/feldenkrais-hafemeister.de\/index.php?rest_route=\/wp\/v2\/types\/page"}],"author":[{"embeddable":true,"href":"https:\/\/feldenkrais-hafemeister.de\/index.php?rest_route=\/wp\/v2\/users\/1"}],"replies":[{"embeddable":true,"href":"https:\/\/feldenkrais-hafemeister.de\/index.php?rest_route=%2Fwp%2Fv2%2Fcomments&post=16"}],"version-history":[{"count":6,"href":"https:\/\/feldenkrais-hafemeister.de\/index.php?rest_route=\/wp\/v2\/pages\/16\/revisions"}],"predecessor-version":[{"id":101,"href":"https:\/\/feldenkrais-hafemeister.de\/index.php?rest_route=\/wp\/v2\/pages\/16\/revisions\/101"}],"wp:attachment":[{"href":"https:\/\/feldenkrais-hafemeister.de\/index.php?rest_route=%2Fwp%2Fv2%2Fmedia&parent=16"}],"curies":[{"name":"wp","href":"https:\/\/api.w.org\/{rel}","templated":true}]}}