{"id":14,"date":"2019-09-23T18:11:24","date_gmt":"2019-09-23T18:11:24","guid":{"rendered":"https:\/\/feldenkrais-hafemeister.de\/?page_id=14"},"modified":"2019-09-23T18:11:24","modified_gmt":"2019-09-23T18:11:24","slug":"zur-methode","status":"publish","type":"page","link":"https:\/\/feldenkrais-hafemeister.de\/?page_id=14","title":{"rendered":"Zur Methode"},"content":{"rendered":"\n<h4 class=\"wp-block-heading\">Die Feldenkrais-Methode<\/h4>\n\n\n\n<p>Durch die nach dem Physiker Mosh\u00e9 Feldenkrais benannte Lernmethode verbessern Sie Ihre Wahrnehmung zum eigenen K\u00f6rper, Spannungen l\u00f6sen sich, erworbene Bewegungsfehler werden bewusst und das Zusammenspiel Ihrer Muskulatur wird optimiert. Dadurch werden allm\u00e4hlich nicht nur die Bewegungen des Alltags leichter, die Gelenke optimaler belastet und Schmerzen reduziert. Sie erfahren auch eine Ver\u00e4nderung des eigenen Ichs, was Ihnen erm\u00f6glicht Ihr gegebenes Potential kennen zu lernen, zu entwickeln und auszusch\u00f6pfen.<\/p>\n\n\n\n<p>Die Methode eignet sich f\u00fcr alle Alters- und Berufsgruppen und kann als Gruppenarbeit und in Einzelarbeit durchgef\u00fchrt werden.<\/p>\n\n\n\n<h4 class=\"wp-block-heading\">Bewusstheit durch Bewegung (findet in der Gruppe statt)<\/h4>\n\n\n\n<p>Mit Hilfe vom Lehrer angeleiteten sanften, kleinen Bewegungen entdecken Sie Ihren K\u00f6rper, erforschen die Qualit\u00e4t Ihrer Bewegungen, machen sich Bewegungsfehler bewusst, erkunden Ihre M\u00f6glichkeiten, lernen auch Ihre Grenzen anzuerkennen und finden Strategien f\u00fcr leichte und harmonische Bewegungen im Alltag.<\/p>\n\n\n\n<h4 class=\"wp-block-heading\">Funktionale Integration<\/h4>\n\n\n\n<p>Hierbei wird die Methode in Einzelarbeit oft auf der Liege durchgef\u00fchrt.<br>\nDer Lehrer f\u00fchrt am Sch\u00fcler kleine Bewegungen aus, gibt mit seinen H\u00e4nden Impulse und versucht gemeinsam mit ihm individuelle, f\u00fcr den Sch\u00fcler geeignete Bewegungsstrategien, zu erkunden und zu finden.<\/p>\n\n\n\n<h4 class=\"wp-block-heading\">Gute Erfahrungen mit dieser Methode gibt es besonders bei:<\/h4>\n\n\n\n<ul><li>chronische Verspannungen und Schmerzen des Muskel und Skelettsystems<\/li><li>Haltungsschw\u00e4chen oder -sch\u00e4den (durch Fehlbelastung oder Unf\u00e4lle)<\/li><li>Migr\u00e4ne<\/li><li>neurologische Erkrankungen (z.B. MS, Muskeldystrophie und -dystonie, Mb. Parkinson, Hemiplegie    oder Polyneuropathie)<\/li><li>chronische Ersch\u00f6pfungszust\u00e4nde \/ Burnout<\/li><\/ul>\n","protected":false},"excerpt":{"rendered":"<p>Die Feldenkrais-Methode Durch die nach dem Physiker Mosh\u00e9 Feldenkrais benannte Lernmethode verbessern Sie Ihre Wahrnehmung zum eigenen K\u00f6rper, Spannungen l\u00f6sen sich, erworbene Bewegungsfehler werden bewusst und das Zusammenspiel Ihrer Muskulatur wird optimiert. Dadurch werden allm\u00e4hlich nicht nur die Bewegungen des Alltags leichter, die Gelenke optimaler belastet und Schmerzen reduziert. Sie erfahren auch eine Ver\u00e4nderung des &hellip; <\/p>\n<p class=\"link-more\"><a href=\"https:\/\/feldenkrais-hafemeister.de\/?page_id=14\" class=\"more-link\"><span class=\"screen-reader-text\">\u201eZur Methode\u201c<\/span> weiterlesen<\/a><\/p>\n","protected":false},"author":1,"featured_media":0,"parent":0,"menu_order":0,"comment_status":"closed","ping_status":"closed","template":"","meta":{"footnotes":""},"_links":{"self":[{"href":"https:\/\/feldenkrais-hafemeister.de\/index.php?rest_route=\/wp\/v2\/pages\/14"}],"collection":[{"href":"https:\/\/feldenkrais-hafemeister.de\/index.php?rest_route=\/wp\/v2\/pages"}],"about":[{"href":"https:\/\/feldenkrais-hafemeister.de\/index.php?rest_route=\/wp\/v2\/types\/page"}],"author":[{"embeddable":true,"href":"https:\/\/feldenkrais-hafemeister.de\/index.php?rest_route=\/wp\/v2\/users\/1"}],"replies":[{"embeddable":true,"href":"https:\/\/feldenkrais-hafemeister.de\/index.php?rest_route=%2Fwp%2Fv2%2Fcomments&post=14"}],"version-history":[{"count":1,"href":"https:\/\/feldenkrais-hafemeister.de\/index.php?rest_route=\/wp\/v2\/pages\/14\/revisions"}],"predecessor-version":[{"id":15,"href":"https:\/\/feldenkrais-hafemeister.de\/index.php?rest_route=\/wp\/v2\/pages\/14\/revisions\/15"}],"wp:attachment":[{"href":"https:\/\/feldenkrais-hafemeister.de\/index.php?rest_route=%2Fwp%2Fv2%2Fmedia&parent=14"}],"curies":[{"name":"wp","href":"https:\/\/api.w.org\/{rel}","templated":true}]}}